{"id":103,"date":"2007-10-22T21:26:39","date_gmt":"2007-10-22T19:26:39","guid":{"rendered":"http:\/\/www.schachclub-eppingen.de\/blog\/spielbetrieb\/bundesligaportal\/"},"modified":"2017-08-05T20:37:41","modified_gmt":"2017-08-05T18:37:41","slug":"bundesligaportal","status":"publish","type":"page","link":"https:\/\/www.schachclub-eppingen.de\/blog\/spielbetrieb\/bundesligaportal\/","title":{"rendered":"Bundesligaportal"},"content":{"rendered":"<p><a href=\"http:\/\/www.schachbundesliga.de\/\" title=\"\u00c2\u00a9 Schachbundesliga e.V.\"><img decoding=\"async\" src=\"https:\/\/www.schachclub-eppingen.de\/blog\/wp-content\/uploads\/2008\/02\/schachbl_logo_www_168x82.gif\" title=\"\u00c2\u00a9 Schachbundesliga e.V.\" alt=\"Schachbundesliga e.V.\" border=\"0\" \/><\/a><\/p>\n<p align=\"left\"><strong>Randnotizen vom Bundesliga-Wochenende am 17. und 18. M\u00c3\u00a4rz 2012 in Eppingen<\/strong><\/p>\n<p><em>(beobachtet und zu Papier gebracht von dem Eppinger Vereinschef Rudolf Eyer)<\/em><\/p>\n<p>\u00ef\u0192\u02dc\tUnser Aufbaukommando staunte nicht schlecht, als am Samstagvormittag \u00e2\u20ac\u201c rund drei Stunden vor Spielbeginn &#8211; der erste Schachfan aus dem Pott in der \u00e2\u20ac\u017eHardwaldhalle\u00e2\u20ac\u0153 aufkreuzte:  Christian Ewers hatte das Gastspiel seines Vereins Hansa Dortmund zu einem Trip in den S\u00c3\u00bcdwesten der Republik genutzt.  Nach einem Aufenthalt in Heidelberg fuhr er knapp 50 km weiter Richtung S\u00c3\u00bcden in die Kraichgaumetropole Eppingen.  Auch wenn er sich im Beginn der K\u00c3\u00a4mpfe geirrt hatte, langweilig wurde es dem leidenschaftlichen, ca. 1800 DWZ-Punkte \u00e2\u20ac\u017eschweren\u00e2\u20ac\u0153 Schachspieler nicht. Da wir mit dem Aufbau nahezu fertig waren, fand sich schnell ein Blitzpartner\u00e2\u20ac\u00a6<br \/>\n\u00ef\u0192\u02dc\tZum ersten Mal in dieser Saison konnten die Fans unsere beiden Neuzug\u00c3\u00a4nge  im Team, Pentala Harikrishna und Dr. Victor Bologan, live am Brett erleben.<br \/>\nDer 25-j\u00c3\u00a4hrige Inder kam mit dem Gewinn der B-Gruppe in Wijk aan Zee (Holland)<br \/>\nund dem unangefochtenen Gesamtsieg im 28. Open von Capelle la Grande<br \/>\n(Frankreich) in den Kraichgau. Und er machte genau das, wof\u00c3\u00bcr er vom SCE<br \/>\nverpflichtet worden war: Die aktuelle Nummer 71 der Top Hundred des Weltschachs<br \/>\ndeckte das Spitzenbrett ganz sicher und eindrucksvoll ab und geriet nie in Nachteil.<br \/>\nSieben Pl\u00c3\u00a4tze weiter vorne in der Weltrangliste rangiert aktuell Dr. Victor Bologan.<br \/>\nDer 40-j\u00c3\u00a4hrige promovierte Gro\u00c3\u0178meister aus Moldawien feierte mit zwei imposanten<br \/>\nSiegen ein eindrucksvolles Heimdeb\u00c3\u00bct. Victor kennt sich aber nicht nur auf den 64<br \/>\nFeldern aus, er beherrscht gleich sechs Sprachen auf ein Mal. Kein Wunder war er in<br \/>\nder Fachwerkstadt ein gefragter Gespr\u00c3\u00a4chspartner\u00e2\u20ac\u00a6<br \/>\n\u00ef\u0192\u02dc\tUm ein Haar w\u00c3\u00a4re ich am Sonntag mit dem Jugendschutzgesetz in Konflikt geraten, ohne es zu ahnen:  Samstags platzierten die Damen unseres Serviceteams f\u00c3\u00bcr jeden Aktiven und die Teamchefs jeweils ein diskret in blaues Papier eingeschlagenes Fl\u00c3\u00a4schchen Rotwein an ihre Pl\u00c3\u00a4tze (die \u00e2\u20ac\u017eHeuchelberg-Weing\u00c3\u00a4rtner\u00e2\u20ac\u0153 z\u00c3\u00a4hlen bekanntlich zu den Unterst\u00c3\u00bctzern der Kraichgauer).  So sollte es auch sonntags mit einer B\u00c3\u00bcgelflasche \u00e2\u20ac\u017eUnser Bestes\u00e2\u20ac\u0153 der Eppinger Privatbrauerei \u00e2\u20ac\u017ePalmbr\u00c3\u00a4u\u00e2\u20ac\u0153  geschehen, was die guten Feen aber vergessen hatten, als Schiri Dr. Markus Keller die Partien freigab. In gro\u00c3\u0178er Eile und nach Absprache mit ihm stellte ich jeweils zwei Fl\u00c3\u00a4schchen Pils auf die Tische \u00e2\u20ac\u201c auch an Brett 8, an dem Zoltan Medvegy auf Matthias Bl\u00c3\u00bcbaum traf. Was mir nicht bekannt war: Der junge Mann ist erst 14 Jahre alt und darf noch keinen Alkohol konsumieren.  Aber zu meiner Ehrenrettung sei gesagt, dass man ihn durchaus f\u00c3\u00bcr sechzehn halten kann und eine ELO-Zahl von rund 2400 Punkten ist ja auch nicht gerade typisch f\u00c3\u00bcr einen 14-J\u00c3\u00a4hrigen. Au\u00c3\u0178erdem lie\u00c3\u0178 der Youngster nach Partieende den Gerstensaft unangetastet zur\u00c3\u00bcck.<br \/>\n\u00ef\u0192\u02dc\tAuch an diesem Wochenende lud der SCE seine Freunde und Sponsoren am Rande der Samstagsbegegnung zu einem kleinen Empfang ein. Dieses Mal konnte ich erfreulicherweise etliche neue Gesichter in der Runde begr\u00c3\u00bc\u00c3\u0178en. Als treuer Fan lie\u00c3\u0178 es sich Oberb\u00c3\u00bcrgermeister Klaus Holaschke nicht nehmen,  das Spielgeschehen pers\u00c3\u00b6nlich zu verfolgen. Von dieser Unterst\u00c3\u00bctzung zeigte sich auch der Hockenheimer Ehrenpr\u00c3\u00a4sident Dieter Auer beeindruckt, der sich solche Verh\u00c3\u00a4ltnisse \u00e2\u20ac\u201c bislang freilich vergeblich &#8211; auch in der Rennstadt w\u00c3\u00bcnscht. Mit einem Augenzwinkern empfahl das Eppinger Stadtoberhaupt, auf seinen dortigen Kollegen zuzugehen, weil der mitten im Wahlkampf steckt, in wenigen Monaten wieder gew\u00c3\u00a4hlt werden m\u00c3\u00b6chte und deshalb momentan eher zu Zugest\u00c3\u00a4ndnissen bereit sein k\u00c3\u00b6nnte\u00e2\u20ac\u00a6<br \/>\n\u00ef\u0192\u02dc\tVermutlich nicht in bester Erinnerung wird Arik Braun das Match gegen Wattenscheid behalten.  Er hatte sich an Brett 6 mit den wei\u00c3\u0178en Steinen gegen GM Handke eine sch\u00c3\u00b6ne Stellung erarbeitet. Weil er seinen Vorteil schwinden sah und angesichts seiner komfortablen Bedenkzeit, schaute er im 39. Zug etwas tiefer in seine Partie &#8211; und verga\u00c3\u0178 dabei v\u00c3\u00b6llig die Schachuhr. Es kam, wie es kommen musste: Auch wenn der Zeiger steht, die Zeit vergeht! Nicht nur sein Mannschaftskollege Namig Guliyev beobachtete, wie auf der Uhr die letzten Sekunden herunterliefen und Arik die Bedenkzeit \u00c3\u00bcberschritt. Nat\u00c3\u00bcrlich wurde der ehemalige Deutsche Meister beim abendlichen Mannschaftsessen deshalb etwas aufgezogen. Wer den Schaden hat, spottet jeder Beschreibung \u00e2\u20ac\u00a6oder wie ging der Spruch doch gleich\u00e2\u20ac\u00a6?<br \/>\n\u00ef\u0192\u02dc\t\u00e2\u20ac\u017eSchach total\u00e2\u20ac\u0153 war am Sonntag angesagt, als in der \u00e2\u20ac\u017eHardwaldhalle\u00e2\u20ac\u0153 zus\u00c3\u00a4tzlich das Match der Oberliga Baden Eppingen 2 &#8211;  SF Andersen Bad Mergentheim ausgetragen wurde. Die Badest\u00c3\u00a4dter standen bereits als Meister und Aufsteiger  in die 2. Bundesliga fest. Dennoch traten sie in st\u00c3\u00a4rkster Besetzung (u.a. mit drei GM und drei IM) an. Die Eppinger Reserve wehrte sich tapfer. Angesichts der  2,33 : 5,67 Prognose f\u00c3\u00bcr die G\u00c3\u00a4ste durfte der Eppinger Pressereferent Dietmar Gebhard in seinem Bericht durchaus von einer ehrenvollen Niederlage sprechen. Jetzt muss die Eppinger Zweite unbedingt in der Schlussrunde punkten, um vielleicht doch noch den Klassenerhalt zu schaffen.<\/p>\n<p>Rudolf Eyer<\/p>\n","protected":false},"excerpt":{"rendered":"<p>Randnotizen vom Bundesliga-Wochenende am 17. und 18. M\u00c3\u00a4rz 2012 in Eppingen (beobachtet und zu Papier gebracht von dem Eppinger Vereinschef Rudolf Eyer) \u00ef\u0192\u02dc Unser Aufbaukommando staunte nicht schlecht, als am Samstagvormittag \u00e2\u20ac\u201c rund drei Stunden vor Spielbeginn &#8211; der erste<\/p>\n","protected":false},"author":3,"featured_media":0,"parent":7,"menu_order":0,"comment_status":"closed","ping_status":"open","template":"","meta":{"footnotes":""},"_links":{"self":[{"href":"https:\/\/www.schachclub-eppingen.de\/blog\/wp-json\/wp\/v2\/pages\/103"}],"collection":[{"href":"https:\/\/www.schachclub-eppingen.de\/blog\/wp-json\/wp\/v2\/pages"}],"about":[{"href":"https:\/\/www.schachclub-eppingen.de\/blog\/wp-json\/wp\/v2\/types\/page"}],"author":[{"embeddable":true,"href":"https:\/\/www.schachclub-eppingen.de\/blog\/wp-json\/wp\/v2\/users\/3"}],"replies":[{"embeddable":true,"href":"https:\/\/www.schachclub-eppingen.de\/blog\/wp-json\/wp\/v2\/comments?post=103"}],"version-history":[{"count":1,"href":"https:\/\/www.schachclub-eppingen.de\/blog\/wp-json\/wp\/v2\/pages\/103\/revisions"}],"predecessor-version":[{"id":3116,"href":"https:\/\/www.schachclub-eppingen.de\/blog\/wp-json\/wp\/v2\/pages\/103\/revisions\/3116"}],"up":[{"embeddable":true,"href":"https:\/\/www.schachclub-eppingen.de\/blog\/wp-json\/wp\/v2\/pages\/7"}],"wp:attachment":[{"href":"https:\/\/www.schachclub-eppingen.de\/blog\/wp-json\/wp\/v2\/media?parent=103"}],"curies":[{"name":"wp","href":"https:\/\/api.w.org\/{rel}","templated":true}]}}