{"id":19,"date":"2007-06-01T15:55:51","date_gmt":"2007-06-01T13:55:51","guid":{"rendered":"http:\/\/vladimir-shapiro\/showcase\/eppingen\/blog\/?page_id=19"},"modified":"2026-02-19T00:40:21","modified_gmt":"2026-02-18T23:40:21","slug":"mitglied-werden","status":"publish","type":"page","link":"https:\/\/www.schachclub-eppingen.de\/blog\/wir-uber-uns\/mitglied-werden\/","title":{"rendered":"Mitglied werden"},"content":{"rendered":"<p>Wir freuen uns \u00fcber jede Art von Verst\u00e4rkung. Deshalb werden auch Sie Mitglied beim Schachclub Eppingen (SCE)!<br \/>\nHier finden Sie das <a href=\"https:\/\/www.schachclub-eppingen.de\/blog\/wp-content\/uploads\/2026\/02\/SCE_Beitrittserklaerung.pdf\">Beitrittsformular<\/a>.<\/p>\n<h4>Welche Vorteile hat die Mitgliedschaft beim Schachclub Eppingen?<\/h4>\n<p>1. \u00dcber 100 begeisterte Schachspieler und Schachspielerinnen. Darunter mehr als 20 Kinder, Jugendliche und junge Erwachsene.<\/p>\n<p>2. <a href=\"https:\/\/www.schachclub-eppingen.de\/blog\/spielbetrieb\/\">F\u00fcnf Mannschaften<\/a> nehmen derzeit am Spielbetrieb teil, von der 2. Bundesliga bis zur Kreisklasse D. Dazu kommen noch einige altersspezifische Jugendmannschaften sowie ein Seniorenteam. Es gibt also gen\u00fcgend interessante Herausforderungen, um aktiv in einer Mannschaft des SCE Schach zu spielen.<\/p>\n<p>3. Sie finden bei uns immer einen Spielpartner Ihres Formats, aber auch st\u00e4rkere Gegner, falls Sie dies w\u00fcnschen.<\/p>\n<p>4. Gestaffelte Vereinsbeitr\u00e4ge f\u00fcr Jugendliche (bis 18 Jahre sowie Sch\u00fcler und Studenten), Passive, Aktive sowie Familienbeitrag<\/p>\n<h4>Schachangebot<\/h4>\n<p>Wir verf\u00fcgen \u00fcber ein umfassendes Schachangebot:<\/p>\n<p><strong>dienstags:<\/strong> lichess Liga (20.00 &#8211; 21.40 Uhr, online)<\/p>\n<p><strong>freitags:<\/strong> Jugendtraining (bitte vorher beim Jugendleiter anfragen), Clubabend (ab 19.30 Uhr), 1x pro\u00a0 monatlich Monatsschnellturnier<\/p>\n<p><strong>samstags:<\/strong> offenes Blitzschach (ab 15 Uhr).<\/p>\n<p><strong>sonntags:<\/strong> lichess Liga (20.00 &#8211; 21.40 Uhr, online)<\/p>\n<p>Der SCE bietet seinen Mitgliedern auch \u00fcber die 64 Felder hinaus Aktivit\u00e4ten an: Bei uns gibt es einen Stammtisch, diverse Veranstaltungen z.B. Saisonabschluss,\u00a0 Sommerfest, Familienabend, Neujahr Blitzturnier (online) u.v.m.<\/p>\n<h4>Was erwarten wir von unseren neuen Mitgliedern<\/h4>\n<p>1. Unterst\u00fctzung des Vereins (gleichg\u00fcltig, ob aktives oder f\u00f6rderndes Mitglied)<br \/>\n2. Aktive Teilnahme bei Veranstaltungen<\/p>\n<p>Ihr Ansprechpartner f\u00fcr weitere Fragen ist unser <a href=\"mailto:1.Vorstand@schachclub-eppingen.de\">1.Vorstand<\/a><\/p>\n","protected":false},"excerpt":{"rendered":"<p>Wir freuen uns \u00fcber jede Art von Verst\u00e4rkung. Deshalb werden auch Sie Mitglied beim Schachclub Eppingen (SCE)! Hier finden Sie das Beitrittsformular. Welche Vorteile hat die Mitgliedschaft beim Schachclub Eppingen? 1. \u00dcber 100 begeisterte Schachspieler und Schachspielerinnen. Darunter mehr als<\/p>\n","protected":false},"author":1,"featured_media":0,"parent":10,"menu_order":5,"comment_status":"closed","ping_status":"open","template":"","meta":{"footnotes":""},"_links":{"self":[{"href":"https:\/\/www.schachclub-eppingen.de\/blog\/wp-json\/wp\/v2\/pages\/19"}],"collection":[{"href":"https:\/\/www.schachclub-eppingen.de\/blog\/wp-json\/wp\/v2\/pages"}],"about":[{"href":"https:\/\/www.schachclub-eppingen.de\/blog\/wp-json\/wp\/v2\/types\/page"}],"author":[{"embeddable":true,"href":"https:\/\/www.schachclub-eppingen.de\/blog\/wp-json\/wp\/v2\/users\/1"}],"replies":[{"embeddable":true,"href":"https:\/\/www.schachclub-eppingen.de\/blog\/wp-json\/wp\/v2\/comments?post=19"}],"version-history":[{"count":10,"href":"https:\/\/www.schachclub-eppingen.de\/blog\/wp-json\/wp\/v2\/pages\/19\/revisions"}],"predecessor-version":[{"id":6273,"href":"https:\/\/www.schachclub-eppingen.de\/blog\/wp-json\/wp\/v2\/pages\/19\/revisions\/6273"}],"up":[{"embeddable":true,"href":"https:\/\/www.schachclub-eppingen.de\/blog\/wp-json\/wp\/v2\/pages\/10"}],"wp:attachment":[{"href":"https:\/\/www.schachclub-eppingen.de\/blog\/wp-json\/wp\/v2\/media?parent=19"}],"curies":[{"name":"wp","href":"https:\/\/api.w.org\/{rel}","templated":true}]}}